{"id":52,"date":"2024-10-30T00:38:36","date_gmt":"2024-10-30T00:38:36","guid":{"rendered":"https:\/\/guzvalconsulting.com\/?page_id=52"},"modified":"2025-08-15T14:31:01","modified_gmt":"2025-08-15T12:31:01","slug":"servicios","status":"publish","type":"page","link":"https:\/\/guzvalconsulting.com\/en\/servicios\/","title":{"rendered":"SERVICES"},"content":{"rendered":"<div data-elementor-type=\"wp-page\" data-elementor-id=\"52\" class=\"elementor elementor-52\" data-elementor-post-type=\"page\">\n\t\t\t\t<div class=\"elementor-element elementor-element-1f51ef55 e-con-full e-flex e-con e-parent\" data-id=\"1f51ef55\" data-element_type=\"container\" data-e-type=\"container\" data-settings=\"{&quot;background_background&quot;:&quot;slideshow&quot;,&quot;background_slideshow_gallery&quot;:[],&quot;background_slideshow_loop&quot;:&quot;yes&quot;,&quot;background_slideshow_slide_duration&quot;:5000,&quot;background_slideshow_slide_transition&quot;:&quot;fade&quot;,&quot;background_slideshow_transition_duration&quot;:500}\">\n\t\t\t\t<div class=\"elementor-element elementor-element-4f5bff elementor-widget__width-inherit elementor--h-position-center elementor--v-position-middle elementor-arrows-position-inside elementor-widget elementor-widget-slides\" data-id=\"4f5bff\" data-element_type=\"widget\" data-e-type=\"widget\" data-settings=\"{&quot;navigation&quot;:&quot;arrows&quot;,&quot;autoplay_speed&quot;:8000,&quot;transition_speed&quot;:1500,&quot;autoplay&quot;:&quot;yes&quot;,&quot;pause_on_hover&quot;:&quot;yes&quot;,&quot;pause_on_interaction&quot;:&quot;yes&quot;,&quot;infinite&quot;:&quot;yes&quot;,&quot;transition&quot;:&quot;slide&quot;}\" data-widget_type=\"slides.default\">\n\t\t\t\t<div class=\"elementor-widget-container\">\n\t\t\t\t\t\t\t\t\t<div class=\"elementor-swiper\">\n\t\t\t\t\t<div class=\"elementor-slides-wrapper elementor-main-swiper swiper\" role=\"region\" aria-roledescription=\"carousel\" aria-label=\"Slides\" dir=\"ltr\" data-animation=\"zoomIn\">\n\t\t\t\t<div class=\"swiper-wrapper elementor-slides\">\n\t\t\t\t\t\t\t\t\t\t<div class=\"elementor-repeater-item-d005114 swiper-slide\" role=\"group\" aria-roledescription=\"slide\"><div class=\"swiper-slide-bg elementor-ken-burns elementor-ken-burns--in\" role=\"img\" aria-label=\"thomas-langnes-895EJdXXtjE-unsplash\"><\/div><div class=\"elementor-background-overlay\"><\/div><div class=\"swiper-slide-inner\" ><div class=\"swiper-slide-contents\"><div class=\"elementor-slide-heading\">Services<\/div><\/div><\/div><\/div>\t\t\t\t<\/div>\n\t\t\t\t\t\t\t<\/div>\n\t\t\t\t<\/div>\n\t\t\t\t\t\t\t\t<\/div>\n\t\t\t\t<\/div>\n\t\t\t\t<\/div>\n\t\t<div class=\"elementor-element elementor-element-6d6b29a0 e-con-full e-flex elementor-invisible e-con e-parent\" data-id=\"6d6b29a0\" data-element_type=\"container\" data-e-type=\"container\" data-settings=\"{&quot;background_background&quot;:&quot;classic&quot;,&quot;animation&quot;:&quot;fadeIn&quot;}\">\n\t\t\t\t<div class=\"elementor-element elementor-element-4b4eaa59 elementor-invisible elementor-widget elementor-widget-heading\" data-id=\"4b4eaa59\" data-element_type=\"widget\" data-e-type=\"widget\" data-settings=\"{&quot;_animation&quot;:&quot;fadeIn&quot;}\" data-widget_type=\"heading.default\">\n\t\t\t\t<div class=\"elementor-widget-container\">\n\t\t\t\t\t<h1 class=\"elementor-heading-title elementor-size-default\"><span class=\"OYPEnA font-feature-liga-off font-feature-clig-off font-feature-calt-off text-decoration-none text-strikethrough-none\" style=\"font-weight: 500\">\u201cMake every detail perfect, and limit the amount of detail to achieve perfection.\u201d<\/span><\/h1>\t\t\t\t<\/div>\n\t\t\t\t<\/div>\n\t\t\t\t<\/div>\n\t\t<div class=\"elementor-element elementor-element-113bb5b0 e-con-full e-flex e-con e-parent\" data-id=\"113bb5b0\" data-element_type=\"container\" data-e-type=\"container\" data-settings=\"{&quot;background_background&quot;:&quot;classic&quot;}\">\n\t\t<div class=\"elementor-element elementor-element-30425753 e-con-full e-flex e-con e-child\" data-id=\"30425753\" data-element_type=\"container\" data-e-type=\"container\">\n\t\t\t\t<div class=\"elementor-element elementor-element-23411763 elementor-widget elementor-widget-image\" data-id=\"23411763\" data-element_type=\"widget\" data-e-type=\"widget\" data-widget_type=\"image.default\">\n\t\t\t\t<div class=\"elementor-widget-container\">\n\t\t\t\t\t\t\t\t\t\t\t\t\t\t\t<img fetchpriority=\"high\" decoding=\"async\" width=\"1024\" height=\"683\" src=\"https:\/\/guzvalconsulting.com\/wp-content\/uploads\/2024\/10\/VALOR-1024x683.png\" class=\"attachment-large size-large wp-image-21\" alt=\"\" srcset=\"https:\/\/guzvalconsulting.com\/wp-content\/uploads\/2024\/10\/VALOR-1024x683.png 1024w, https:\/\/guzvalconsulting.com\/wp-content\/uploads\/2024\/10\/VALOR-300x200.png 300w, https:\/\/guzvalconsulting.com\/wp-content\/uploads\/2024\/10\/VALOR-768x512.png 768w, https:\/\/guzvalconsulting.com\/wp-content\/uploads\/2024\/10\/VALOR.png 1123w\" sizes=\"(max-width: 1024px) 100vw, 1024px\" \/>\t\t\t\t\t\t\t\t\t\t\t\t\t\t\t<\/div>\n\t\t\t\t<\/div>\n\t\t\t\t<\/div>\n\t\t<div class=\"elementor-element elementor-element-5db7c1 e-con-full e-flex e-con e-child\" data-id=\"5db7c1\" data-element_type=\"container\" data-e-type=\"container\">\n\t\t\t\t<div class=\"elementor-element elementor-element-2e8a7648 elementor-widget elementor-widget-heading\" data-id=\"2e8a7648\" data-element_type=\"widget\" data-e-type=\"widget\" data-widget_type=\"heading.default\">\n\t\t\t\t<div class=\"elementor-widget-container\">\n\t\t\t\t\t<h1 class=\"elementor-heading-title elementor-size-default\">Our <b>Services<\/b><\/h1>\t\t\t\t<\/div>\n\t\t\t\t<\/div>\n\t\t\t\t<div class=\"elementor-element elementor-element-6c1445 elementor-widget elementor-widget-text-editor\" data-id=\"6c1445\" data-element_type=\"widget\" data-e-type=\"widget\" data-widget_type=\"text-editor.default\">\n\t\t\t\t<div class=\"elementor-widget-container\">\n\t\t\t\t\t\t\t\t\t<p>Ofrecemos servicios inteligentes y especializados que permiten aumentar la eficiencia y el rendimiento de su organizaci\u00f3n, adem\u00e1s creamos entornos, ecosistemas y activos inspiradores en el \u00e1mbito deportivo<\/p>\t\t\t\t\t\t\t\t<\/div>\n\t\t\t\t<\/div>\n\t\t\t\t<\/div>\n\t\t\t\t<\/div>\n\t\t<div class=\"elementor-element elementor-element-64df9734 e-con-full e-flex e-con e-parent\" data-id=\"64df9734\" data-element_type=\"container\" data-e-type=\"container\" data-settings=\"{&quot;background_background&quot;:&quot;classic&quot;}\">\n\t\t<div class=\"elementor-element elementor-element-63be6d80 e-con-full e-flex e-con e-child\" data-id=\"63be6d80\" data-element_type=\"container\" data-e-type=\"container\">\n\t\t\t\t<div class=\"elementor-element elementor-element-403fb148 elementor-widget elementor-widget-heading\" data-id=\"403fb148\" data-element_type=\"widget\" data-e-type=\"widget\" data-widget_type=\"heading.default\">\n\t\t\t\t<div class=\"elementor-widget-container\">\n\t\t\t\t\t<h2 class=\"elementor-heading-title elementor-size-default\">Planeaci\u00f3n Estrat\u00e9gica y Operaci\u00f3n de Eventos Deportivos<\/h2>\t\t\t\t<\/div>\n\t\t\t\t<\/div>\n\t\t\t\t<div class=\"elementor-element elementor-element-23f7ef elementor-widget elementor-widget-text-editor\" data-id=\"23f7ef\" data-element_type=\"widget\" data-e-type=\"widget\" data-widget_type=\"text-editor.default\">\n\t\t\t\t<div class=\"elementor-widget-container\">\n\t\t\t\t\t\t\t\t\t<p>Dise\u00f1amos y ejecutamos planes estrat\u00e9gicos que aseguran el \u00e9xito de grandes eventos deportivos, integrando log\u00edstica, gesti\u00f3n de sedes, coordinaci\u00f3n de equipos y experiencia del espectador. Nuestro enfoque garantiza operaciones eficientes, alto impacto y resultados medibles para organizadores, patrocinadores y comunidades.<\/p>\t\t\t\t\t\t\t\t<\/div>\n\t\t\t\t<\/div>\n\t\t\t\t<\/div>\n\t\t<div class=\"elementor-element elementor-element-1a8c9e1 e-con-full e-flex e-con e-child\" data-id=\"1a8c9e1\" data-element_type=\"container\" data-e-type=\"container\">\n\t\t\t\t<div class=\"elementor-element elementor-element-eda9ec1 elementor-widget elementor-widget-image\" data-id=\"eda9ec1\" data-element_type=\"widget\" data-e-type=\"widget\" data-widget_type=\"image.default\">\n\t\t\t\t<div class=\"elementor-widget-container\">\n\t\t\t\t\t\t\t\t\t\t\t\t\t\t\t<img decoding=\"async\" width=\"1024\" height=\"574\" src=\"https:\/\/guzvalconsulting.com\/wp-content\/uploads\/2025\/08\/AdobeStock_646499717-1024x574.jpeg\" class=\"attachment-large size-large wp-image-1100\" alt=\"\" srcset=\"https:\/\/guzvalconsulting.com\/wp-content\/uploads\/2025\/08\/AdobeStock_646499717-1024x574.jpeg 1024w, https:\/\/guzvalconsulting.com\/wp-content\/uploads\/2025\/08\/AdobeStock_646499717-300x168.jpeg 300w, https:\/\/guzvalconsulting.com\/wp-content\/uploads\/2025\/08\/AdobeStock_646499717-768x430.jpeg 768w, https:\/\/guzvalconsulting.com\/wp-content\/uploads\/2025\/08\/AdobeStock_646499717-1536x861.jpeg 1536w, https:\/\/guzvalconsulting.com\/wp-content\/uploads\/2025\/08\/AdobeStock_646499717-2048x1148.jpeg 2048w, https:\/\/guzvalconsulting.com\/wp-content\/uploads\/2025\/08\/AdobeStock_646499717-18x10.jpeg 18w\" sizes=\"(max-width: 1024px) 100vw, 1024px\" \/>\t\t\t\t\t\t\t\t\t\t\t\t\t\t\t<\/div>\n\t\t\t\t<\/div>\n\t\t\t\t<\/div>\n\t\t\t\t<\/div>\n\t\t<div class=\"elementor-element elementor-element-5d3f625 e-con-full e-flex e-con e-parent\" data-id=\"5d3f625\" data-element_type=\"container\" data-e-type=\"container\" data-settings=\"{&quot;background_background&quot;:&quot;classic&quot;}\">\n\t\t<div class=\"elementor-element elementor-element-653c8db1 e-con-full e-flex e-con e-child\" data-id=\"653c8db1\" data-element_type=\"container\" data-e-type=\"container\">\n\t\t\t\t<div class=\"elementor-element elementor-element-3b6d1472 elementor-widget elementor-widget-heading\" data-id=\"3b6d1472\" data-element_type=\"widget\" data-e-type=\"widget\" data-widget_type=\"heading.default\">\n\t\t\t\t<div class=\"elementor-widget-container\">\n\t\t\t\t\t<h2 class=\"elementor-heading-title elementor-size-default\">Gesti\u00f3n de Estadios e Infraestructuras<\/h2>\t\t\t\t<\/div>\n\t\t\t\t<\/div>\n\t\t\t\t<div class=\"elementor-element elementor-element-4105e780 elementor-widget elementor-widget-text-editor\" data-id=\"4105e780\" data-element_type=\"widget\" data-e-type=\"widget\" data-widget_type=\"text-editor.default\">\n\t\t\t\t<div class=\"elementor-widget-container\">\n\t\t\t\t\t\t\t\t\t<p>Optimizamos el rendimiento operativo y comercial de estadios e infraestructuras deportivas, abarcando desde la planificaci\u00f3n y mantenimiento hasta la explotaci\u00f3n de espacios y generaci\u00f3n de ingresos. Nuestro enfoque garantiza instalaciones eficientes, seguras y rentables, maximizando su potencial como centros de experiencia y negocio.<\/p>\t\t\t\t\t\t\t\t<\/div>\n\t\t\t\t<\/div>\n\t\t\t\t<\/div>\n\t\t<div class=\"elementor-element elementor-element-574e76f e-con-full e-flex e-con e-child\" data-id=\"574e76f\" data-element_type=\"container\" data-e-type=\"container\">\n\t\t\t\t<div class=\"elementor-element elementor-element-2bed8d30 elementor-widget elementor-widget-image\" data-id=\"2bed8d30\" data-element_type=\"widget\" data-e-type=\"widget\" data-widget_type=\"image.default\">\n\t\t\t\t<div class=\"elementor-widget-container\">\n\t\t\t\t\t\t\t\t\t\t\t\t\t\t\t<img decoding=\"async\" width=\"2560\" height=\"1435\" src=\"https:\/\/guzvalconsulting.com\/wp-content\/uploads\/2025\/08\/AdobeStock_665725401-scaled.jpeg\" class=\"attachment-full size-full wp-image-1101\" alt=\"\" srcset=\"https:\/\/guzvalconsulting.com\/wp-content\/uploads\/2025\/08\/AdobeStock_665725401-scaled.jpeg 2560w, https:\/\/guzvalconsulting.com\/wp-content\/uploads\/2025\/08\/AdobeStock_665725401-300x168.jpeg 300w, https:\/\/guzvalconsulting.com\/wp-content\/uploads\/2025\/08\/AdobeStock_665725401-1024x574.jpeg 1024w, https:\/\/guzvalconsulting.com\/wp-content\/uploads\/2025\/08\/AdobeStock_665725401-768x430.jpeg 768w, https:\/\/guzvalconsulting.com\/wp-content\/uploads\/2025\/08\/AdobeStock_665725401-1536x861.jpeg 1536w, https:\/\/guzvalconsulting.com\/wp-content\/uploads\/2025\/08\/AdobeStock_665725401-2048x1148.jpeg 2048w, https:\/\/guzvalconsulting.com\/wp-content\/uploads\/2025\/08\/AdobeStock_665725401-18x10.jpeg 18w\" sizes=\"(max-width: 2560px) 100vw, 2560px\" \/>\t\t\t\t\t\t\t\t\t\t\t\t\t\t\t<\/div>\n\t\t\t\t<\/div>\n\t\t\t\t<\/div>\n\t\t\t\t<\/div>\n\t\t<div class=\"elementor-element elementor-element-1fc64a62 e-con-full e-flex e-con e-parent\" data-id=\"1fc64a62\" data-element_type=\"container\" data-e-type=\"container\" data-settings=\"{&quot;background_background&quot;:&quot;classic&quot;}\">\n\t\t<div class=\"elementor-element elementor-element-623f2678 e-con-full e-flex e-con e-child\" data-id=\"623f2678\" data-element_type=\"container\" data-e-type=\"container\">\n\t\t\t\t<div class=\"elementor-element elementor-element-32f595d3 elementor-widget elementor-widget-heading\" data-id=\"32f595d3\" data-element_type=\"widget\" data-e-type=\"widget\" data-widget_type=\"heading.default\">\n\t\t\t\t<div class=\"elementor-widget-container\">\n\t\t\t\t\t<h2 class=\"elementor-heading-title elementor-size-default\">Desarrollo de Negocios<\/h2>\t\t\t\t<\/div>\n\t\t\t\t<\/div>\n\t\t\t\t<div class=\"elementor-element elementor-element-26032e6d elementor-widget elementor-widget-text-editor\" data-id=\"26032e6d\" data-element_type=\"widget\" data-e-type=\"widget\" data-widget_type=\"text-editor.default\">\n\t\t\t\t<div class=\"elementor-widget-container\">\n\t\t\t\t\t\t\t\t\t<p>Impulsamos academias de f\u00fatbol, programas escolares, f\u00fatbol femenil y otros proyectos deportivos mediante estrategias personalizadas que maximizan su crecimiento, rentabilidad e impacto en la comunidad.<\/p>\t\t\t\t\t\t\t\t<\/div>\n\t\t\t\t<\/div>\n\t\t\t\t<\/div>\n\t\t<div class=\"elementor-element elementor-element-5cf59807 e-con-full e-flex e-con e-child\" data-id=\"5cf59807\" data-element_type=\"container\" data-e-type=\"container\">\n\t\t\t\t<div class=\"elementor-element elementor-element-35950bb3 elementor-widget elementor-widget-image\" data-id=\"35950bb3\" data-element_type=\"widget\" data-e-type=\"widget\" data-widget_type=\"image.default\">\n\t\t\t\t<div class=\"elementor-widget-container\">\n\t\t\t\t\t\t\t\t\t\t\t\t\t\t\t<img loading=\"lazy\" decoding=\"async\" width=\"1024\" height=\"791\" src=\"https:\/\/guzvalconsulting.com\/wp-content\/uploads\/2025\/08\/raymond-yeung-ihQmIqAR0_0-unsplash-1024x791.jpg\" class=\"attachment-large size-large wp-image-1048\" alt=\"\" srcset=\"https:\/\/guzvalconsulting.com\/wp-content\/uploads\/2025\/08\/raymond-yeung-ihQmIqAR0_0-unsplash-1024x791.jpg 1024w, https:\/\/guzvalconsulting.com\/wp-content\/uploads\/2025\/08\/raymond-yeung-ihQmIqAR0_0-unsplash-300x232.jpg 300w, https:\/\/guzvalconsulting.com\/wp-content\/uploads\/2025\/08\/raymond-yeung-ihQmIqAR0_0-unsplash-768x593.jpg 768w, https:\/\/guzvalconsulting.com\/wp-content\/uploads\/2025\/08\/raymond-yeung-ihQmIqAR0_0-unsplash-1536x1187.jpg 1536w, https:\/\/guzvalconsulting.com\/wp-content\/uploads\/2025\/08\/raymond-yeung-ihQmIqAR0_0-unsplash-2048x1583.jpg 2048w, https:\/\/guzvalconsulting.com\/wp-content\/uploads\/2025\/08\/raymond-yeung-ihQmIqAR0_0-unsplash-16x12.jpg 16w\" sizes=\"(max-width: 1024px) 100vw, 1024px\" \/>\t\t\t\t\t\t\t\t\t\t\t\t\t\t\t<\/div>\n\t\t\t\t<\/div>\n\t\t\t\t<\/div>\n\t\t\t\t<\/div>\n\t\t<div class=\"elementor-element elementor-element-cdda1a9 e-con-full e-flex e-con e-parent\" data-id=\"cdda1a9\" data-element_type=\"container\" data-e-type=\"container\" data-settings=\"{&quot;background_background&quot;:&quot;classic&quot;}\">\n\t\t<div class=\"elementor-element elementor-element-090cfcf e-con-full e-flex e-con e-child\" data-id=\"090cfcf\" data-element_type=\"container\" data-e-type=\"container\">\n\t\t\t\t<div class=\"elementor-element elementor-element-1138f3a elementor-widget elementor-widget-heading\" data-id=\"1138f3a\" data-element_type=\"widget\" data-e-type=\"widget\" data-widget_type=\"heading.default\">\n\t\t\t\t<div class=\"elementor-widget-container\">\n\t\t\t\t\t<h2 class=\"elementor-heading-title elementor-size-default\">Fusiones y Adquisiciones de Clubes de F\u00fatbol<\/h2>\t\t\t\t<\/div>\n\t\t\t\t<\/div>\n\t\t\t\t<div class=\"elementor-element elementor-element-b5cf915 elementor-widget elementor-widget-text-editor\" data-id=\"b5cf915\" data-element_type=\"widget\" data-e-type=\"widget\" data-widget_type=\"text-editor.default\">\n\t\t\t\t<div class=\"elementor-widget-container\">\n\t\t\t\t\t\t\t\t\t<p>&#8230;<\/p>\t\t\t\t\t\t\t\t<\/div>\n\t\t\t\t<\/div>\n\t\t\t\t<\/div>\n\t\t<div class=\"elementor-element elementor-element-e457ce8 e-con-full e-flex e-con e-child\" data-id=\"e457ce8\" data-element_type=\"container\" data-e-type=\"container\" data-settings=\"{&quot;background_background&quot;:&quot;slideshow&quot;,&quot;background_slideshow_gallery&quot;:[],&quot;background_slideshow_loop&quot;:&quot;yes&quot;,&quot;background_slideshow_slide_duration&quot;:5000,&quot;background_slideshow_slide_transition&quot;:&quot;fade&quot;,&quot;background_slideshow_transition_duration&quot;:500}\">\n\t\t\t\t<div class=\"elementor-element elementor-element-c5c1692 elementor-widget elementor-widget-image\" data-id=\"c5c1692\" data-element_type=\"widget\" data-e-type=\"widget\" data-widget_type=\"image.default\">\n\t\t\t\t<div class=\"elementor-widget-container\">\n\t\t\t\t\t\t\t\t\t\t\t\t\t\t\t<img loading=\"lazy\" decoding=\"async\" width=\"853\" height=\"430\" src=\"https:\/\/guzvalconsulting.com\/wp-content\/uploads\/2025\/08\/Image-Contact-1.jpg\" class=\"attachment-large size-large wp-image-1040\" alt=\"\" srcset=\"https:\/\/guzvalconsulting.com\/wp-content\/uploads\/2025\/08\/Image-Contact-1.jpg 853w, https:\/\/guzvalconsulting.com\/wp-content\/uploads\/2025\/08\/Image-Contact-1-300x151.jpg 300w, https:\/\/guzvalconsulting.com\/wp-content\/uploads\/2025\/08\/Image-Contact-1-768x387.jpg 768w, https:\/\/guzvalconsulting.com\/wp-content\/uploads\/2025\/08\/Image-Contact-1-18x9.jpg 18w\" sizes=\"(max-width: 853px) 100vw, 853px\" \/>\t\t\t\t\t\t\t\t\t\t\t\t\t\t\t<\/div>\n\t\t\t\t<\/div>\n\t\t\t\t<\/div>\n\t\t\t\t<\/div>\n\t\t<div class=\"elementor-element elementor-element-e5753c8 e-con-full e-flex e-con e-parent\" data-id=\"e5753c8\" data-element_type=\"container\" data-e-type=\"container\" data-settings=\"{&quot;background_background&quot;:&quot;classic&quot;}\">\n\t\t<div class=\"elementor-element elementor-element-67f948e e-con-full e-flex e-con e-child\" data-id=\"67f948e\" data-element_type=\"container\" data-e-type=\"container\">\n\t\t\t\t<div class=\"elementor-element elementor-element-472a0b8 elementor-widget elementor-widget-heading\" data-id=\"472a0b8\" data-element_type=\"widget\" data-e-type=\"widget\" data-widget_type=\"heading.default\">\n\t\t\t\t<div class=\"elementor-widget-container\">\n\t\t\t\t\t<h2 class=\"elementor-heading-title elementor-size-default\">Inversiones Deportivas<\/h2>\t\t\t\t<\/div>\n\t\t\t\t<\/div>\n\t\t\t\t<div class=\"elementor-element elementor-element-fd209db elementor-widget elementor-widget-text-editor\" data-id=\"fd209db\" data-element_type=\"widget\" data-e-type=\"widget\" data-widget_type=\"text-editor.default\">\n\t\t\t\t<div class=\"elementor-widget-container\">\n\t\t\t\t\t\t\t\t\t<p>&#8230;<\/p>\t\t\t\t\t\t\t\t<\/div>\n\t\t\t\t<\/div>\n\t\t\t\t<\/div>\n\t\t<div class=\"elementor-element elementor-element-bd992a0 e-con-full e-flex e-con e-child\" data-id=\"bd992a0\" data-element_type=\"container\" data-e-type=\"container\">\n\t\t\t\t<div class=\"elementor-element elementor-element-3d446cf elementor-widget elementor-widget-image\" data-id=\"3d446cf\" data-element_type=\"widget\" data-e-type=\"widget\" data-widget_type=\"image.default\">\n\t\t\t\t<div class=\"elementor-widget-container\">\n\t\t\t\t\t\t\t\t\t\t\t\t\t\t\t<img loading=\"lazy\" decoding=\"async\" width=\"853\" height=\"430\" src=\"https:\/\/guzvalconsulting.com\/wp-content\/uploads\/2025\/08\/Image-Contact-1.jpg\" class=\"attachment-large size-large wp-image-1040\" alt=\"\" srcset=\"https:\/\/guzvalconsulting.com\/wp-content\/uploads\/2025\/08\/Image-Contact-1.jpg 853w, https:\/\/guzvalconsulting.com\/wp-content\/uploads\/2025\/08\/Image-Contact-1-300x151.jpg 300w, https:\/\/guzvalconsulting.com\/wp-content\/uploads\/2025\/08\/Image-Contact-1-768x387.jpg 768w, https:\/\/guzvalconsulting.com\/wp-content\/uploads\/2025\/08\/Image-Contact-1-18x9.jpg 18w\" sizes=\"(max-width: 853px) 100vw, 853px\" \/>\t\t\t\t\t\t\t\t\t\t\t\t\t\t\t<\/div>\n\t\t\t\t<\/div>\n\t\t\t\t<\/div>\n\t\t\t\t<\/div>\n\t\t<div class=\"elementor-element elementor-element-8fb1614 e-flex e-con-boxed e-con e-parent\" data-id=\"8fb1614\" data-element_type=\"container\" data-e-type=\"container\">\n\t\t\t\t\t<div class=\"e-con-inner\">\n\t\t\t\t<div class=\"elementor-element elementor-element-726bd96 elementor-align-center animated-slow elementor-invisible elementor-widget elementor-widget-button\" data-id=\"726bd96\" data-element_type=\"widget\" data-e-type=\"widget\" data-settings=\"{&quot;_animation&quot;:&quot;zoomIn&quot;}\" data-widget_type=\"button.default\">\n\t\t\t\t<div class=\"elementor-widget-container\">\n\t\t\t\t\t\t\t\t\t<div class=\"elementor-button-wrapper\">\n\t\t\t\t\t<a class=\"elementor-button elementor-button-link elementor-size-sm\" href=\"mailto:hello@guzvalconsulting.com\">\n\t\t\t\t\t\t<span class=\"elementor-button-content-wrapper\">\n\t\t\t\t\t\t\t\t\t<span class=\"elementor-button-text\">REQUEST BROCHURE<\/span>\n\t\t\t\t\t<\/span>\n\t\t\t\t\t<\/a>\n\t\t\t\t<\/div>\n\t\t\t\t\t\t\t\t<\/div>\n\t\t\t\t<\/div>\n\t\t\t\t\t<\/div>\n\t\t\t\t<\/div>\n\t\t<div class=\"elementor-element elementor-element-dad83be e-con-full e-flex elementor-invisible e-con e-parent\" data-id=\"dad83be\" data-element_type=\"container\" data-e-type=\"container\" data-settings=\"{&quot;background_background&quot;:&quot;classic&quot;,&quot;animation&quot;:&quot;fadeIn&quot;}\">\n\t\t\t\t<div class=\"elementor-element elementor-element-f2ffda9 elementor-invisible elementor-widget elementor-widget-heading\" data-id=\"f2ffda9\" data-element_type=\"widget\" data-e-type=\"widget\" data-settings=\"{&quot;_animation&quot;:&quot;fadeIn&quot;}\" data-widget_type=\"heading.default\">\n\t\t\t\t<div class=\"elementor-widget-container\">\n\t\t\t\t\t<h1 class=\"elementor-heading-title elementor-size-default\"><span style=\"font-weight: 500\">learn more about us<\/span><\/h1>\t\t\t\t<\/div>\n\t\t\t\t<\/div>\n\t\t\t\t<div class=\"elementor-element elementor-element-2e2c0df elementor-align-center animated-slow elementor-invisible elementor-widget elementor-widget-button\" data-id=\"2e2c0df\" data-element_type=\"widget\" data-e-type=\"widget\" data-settings=\"{&quot;_animation&quot;:&quot;zoomIn&quot;}\" data-widget_type=\"button.default\">\n\t\t\t\t<div class=\"elementor-widget-container\">\n\t\t\t\t\t\t\t\t\t<div class=\"elementor-button-wrapper\">\n\t\t\t\t\t<a class=\"elementor-button elementor-button-link elementor-size-sm\" href=\"https:\/\/guzvalconsulting.com\/en\/sobre-nosotros\/\">\n\t\t\t\t\t\t<span class=\"elementor-button-content-wrapper\">\n\t\t\t\t\t\t\t\t\t<span class=\"elementor-button-text\">SEE MORE<\/span>\n\t\t\t\t\t<\/span>\n\t\t\t\t\t<\/a>\n\t\t\t\t<\/div>\n\t\t\t\t\t\t\t\t<\/div>\n\t\t\t\t<\/div>\n\t\t\t\t<\/div>\n\t\t\t\t<\/div>","protected":false},"excerpt":{"rendered":"<p>Servicios \u201cHaz que cada detalle sea perfecto, y limita la cantidad de detalles para lograr la perfecci\u00f3n.\u201d Nuestros Servicios Ofrecemos [&hellip;]<\/p>\n","protected":false},"author":1,"featured_media":0,"parent":0,"menu_order":0,"comment_status":"closed","ping_status":"closed","template":"","meta":{"site-sidebar-layout":"no-sidebar","site-content-layout":"","ast-site-content-layout":"full-width-container","site-content-style":"default","site-sidebar-style":"default","ast-global-header-display":"","ast-banner-title-visibility":"","ast-main-header-display":"","ast-hfb-above-header-display":"","ast-hfb-below-header-display":"","ast-hfb-mobile-header-display":"","site-post-title":"disabled","ast-breadcrumbs-content":"","ast-featured-img":"disabled","footer-sml-layout":"","ast-disable-related-posts":"","theme-transparent-header-meta":"","adv-header-id-meta":"","stick-header-meta":"","header-above-stick-meta":"","header-main-stick-meta":"","header-below-stick-meta":"","astra-migrate-meta-layouts":"default","ast-page-background-enabled":"default","ast-page-background-meta":{"desktop":{"background-color":"var(--ast-global-color-4)","background-image":"","background-repeat":"repeat","background-position":"center center","background-size":"auto","background-attachment":"scroll","background-type":"","background-media":"","overlay-type":"","overlay-color":"","overlay-opacity":"","overlay-gradient":""},"tablet":{"background-color":"","background-image":"","background-repeat":"repeat","background-position":"center center","background-size":"auto","background-attachment":"scroll","background-type":"","background-media":"","overlay-type":"","overlay-color":"","overlay-opacity":"","overlay-gradient":""},"mobile":{"background-color":"","background-image":"","background-repeat":"repeat","background-position":"center center","background-size":"auto","background-attachment":"scroll","background-type":"","background-media":"","overlay-type":"","overlay-color":"","overlay-opacity":"","overlay-gradient":""}},"ast-content-background-meta":{"desktop":{"background-color":"var(--ast-global-color-5)","background-image":"","background-repeat":"repeat","background-position":"center center","background-size":"auto","background-attachment":"scroll","background-type":"","background-media":"","overlay-type":"","overlay-color":"","overlay-opacity":"","overlay-gradient":""},"tablet":{"background-color":"var(--ast-global-color-5)","background-image":"","background-repeat":"repeat","background-position":"center center","background-size":"auto","background-attachment":"scroll","background-type":"","background-media":"","overlay-type":"","overlay-color":"","overlay-opacity":"","overlay-gradient":""},"mobile":{"background-color":"var(--ast-global-color-5)","background-image":"","background-repeat":"repeat","background-position":"center center","background-size":"auto","background-attachment":"scroll","background-type":"","background-media":"","overlay-type":"","overlay-color":"","overlay-opacity":"","overlay-gradient":""}},"footnotes":""},"class_list":["post-52","page","type-page","status-publish","hentry"],"_links":{"self":[{"href":"https:\/\/guzvalconsulting.com\/en\/wp-json\/wp\/v2\/pages\/52","targetHints":{"allow":["GET"]}}],"collection":[{"href":"https:\/\/guzvalconsulting.com\/en\/wp-json\/wp\/v2\/pages"}],"about":[{"href":"https:\/\/guzvalconsulting.com\/en\/wp-json\/wp\/v2\/types\/page"}],"author":[{"embeddable":true,"href":"https:\/\/guzvalconsulting.com\/en\/wp-json\/wp\/v2\/users\/1"}],"replies":[{"embeddable":true,"href":"https:\/\/guzvalconsulting.com\/en\/wp-json\/wp\/v2\/comments?post=52"}],"version-history":[{"count":141,"href":"https:\/\/guzvalconsulting.com\/en\/wp-json\/wp\/v2\/pages\/52\/revisions"}],"predecessor-version":[{"id":1104,"href":"https:\/\/guzvalconsulting.com\/en\/wp-json\/wp\/v2\/pages\/52\/revisions\/1104"}],"wp:attachment":[{"href":"https:\/\/guzvalconsulting.com\/en\/wp-json\/wp\/v2\/media?parent=52"}],"curies":[{"name":"wp","href":"https:\/\/api.w.org\/{rel}","templated":true}]}}