{"id":310,"date":"2024-11-25T13:40:13","date_gmt":"2024-11-25T13:40:13","guid":{"rendered":"https:\/\/guzvalconsulting.com\/?page_id=310"},"modified":"2025-08-15T14:43:51","modified_gmt":"2025-08-15T12:43:51","slug":"sobre-nosotros","status":"publish","type":"page","link":"https:\/\/guzvalconsulting.com\/en\/sobre-nosotros\/","title":{"rendered":"ABOUT US"},"content":{"rendered":"\t\t<div data-elementor-type=\"wp-page\" data-elementor-id=\"310\" class=\"elementor elementor-310\" data-elementor-post-type=\"page\">\n\t\t\t\t<div class=\"elementor-element elementor-element-5e307be3 e-flex e-con-boxed e-con e-parent\" data-id=\"5e307be3\" data-element_type=\"container\" data-e-type=\"container\" data-settings=\"{&quot;background_background&quot;:&quot;classic&quot;}\">\n\t\t\t\t\t<div class=\"e-con-inner\">\n\t\t\t\t<div class=\"elementor-element elementor-element-26db3ebb elementor-widget elementor-widget-heading\" data-id=\"26db3ebb\" data-element_type=\"widget\" data-e-type=\"widget\" data-widget_type=\"heading.default\">\n\t\t\t\t<div class=\"elementor-widget-container\">\n\t\t\t\t\t<h1 class=\"elementor-heading-title elementor-size-default\">Qui\u00e9nes Somos<\/h1>\t\t\t\t<\/div>\n\t\t\t\t<\/div>\n\t\t\t\t\t<\/div>\n\t\t\t\t<\/div>\n\t\t<div class=\"elementor-element elementor-element-4cf06f2 e-con-full e-flex elementor-invisible e-con e-parent\" data-id=\"4cf06f2\" data-element_type=\"container\" data-e-type=\"container\" data-settings=\"{&quot;background_background&quot;:&quot;classic&quot;,&quot;animation&quot;:&quot;fadeIn&quot;}\">\n\t\t\t\t<div class=\"elementor-element elementor-element-c98540b elementor-invisible elementor-widget elementor-widget-heading\" data-id=\"c98540b\" data-element_type=\"widget\" data-e-type=\"widget\" data-settings=\"{&quot;_animation&quot;:&quot;fadeIn&quot;}\" data-widget_type=\"heading.default\">\n\t\t\t\t<div class=\"elementor-widget-container\">\n\t\t\t\t\t<h1 class=\"elementor-heading-title elementor-size-default\">\u201cHaz que cada detalle sea perfecto, y limita la cantidad de detalles para lograr la perfecci\u00f3n.\u201d<\/h1>\t\t\t\t<\/div>\n\t\t\t\t<\/div>\n\t\t\t\t<\/div>\n\t\t<div class=\"elementor-element elementor-element-4472b2c2 e-con-full e-flex e-con e-parent\" data-id=\"4472b2c2\" data-element_type=\"container\" data-e-type=\"container\">\n\t\t<div class=\"elementor-element elementor-element-382ccfc e-con-full e-flex e-con e-child\" data-id=\"382ccfc\" data-element_type=\"container\" data-e-type=\"container\">\n\t\t\t\t<div class=\"elementor-element elementor-element-7a29f823 elementor-widget elementor-widget-heading\" data-id=\"7a29f823\" data-element_type=\"widget\" data-e-type=\"widget\" data-widget_type=\"heading.default\">\n\t\t\t\t<div class=\"elementor-widget-container\">\n\t\t\t\t\t<h1 class=\"elementor-heading-title elementor-size-default\">Qui\u00e9nes Somos<\/h1>\t\t\t\t<\/div>\n\t\t\t\t<\/div>\n\t\t\t\t<div class=\"elementor-element elementor-element-469f543b elementor-widget elementor-widget-text-editor\" data-id=\"469f543b\" data-element_type=\"widget\" data-e-type=\"widget\" data-widget_type=\"text-editor.default\">\n\t\t\t\t<div class=\"elementor-widget-container\">\n\t\t\t\t\t\t\t\t\t<p>GuzVal Consulting es una firma estrat\u00e9gica de negocios y asesor\u00eda de inversiones en la industria del deporte y del entretenimiento.&nbsp;<\/p>\n<p><br><\/p>\n<p><\/p>\n<p>Fundada en 2016 en Suiza por Eduardo Guzm\u00e1n, con el prop\u00f3sito de transformar el mundo del deporte a trav\u00e9s del desarrollo de proyectos y la inversi\u00f3n.<\/p>\n<p><br><\/p>\n<p><span style=\"font-style: inherit; font-weight: inherit; letter-spacing: 0px; word-spacing: 0em;\">Contamos con un equipo de expertos en diversas disciplinas en diferentes pa\u00edses. Cada miembro contribuye con su experiencia y sus conocimientos en cada proyecto para confortar nuestro ecosistema.<\/span><\/p>\t\t\t\t\t\t\t\t<\/div>\n\t\t\t\t<\/div>\n\t\t\t\t<\/div>\n\t\t<div class=\"elementor-element elementor-element-5e37774d e-con-full e-flex e-con e-child\" data-id=\"5e37774d\" data-element_type=\"container\" data-e-type=\"container\" data-settings=\"{&quot;background_background&quot;:&quot;slideshow&quot;,&quot;background_slideshow_gallery&quot;:[{&quot;id&quot;:193,&quot;url&quot;:&quot;https:\\\/\\\/guzvalconsulting.com\\\/wp-content\\\/uploads\\\/2024\\\/11\\\/PDF-Presentacion-GUZVAL-1.jpg&quot;}],&quot;background_slideshow_loop&quot;:&quot;yes&quot;,&quot;background_slideshow_slide_duration&quot;:5000,&quot;background_slideshow_slide_transition&quot;:&quot;fade&quot;,&quot;background_slideshow_transition_duration&quot;:500}\">\n\t\t\t\t<\/div>\n\t\t\t\t<\/div>\n\t\t<div class=\"elementor-element elementor-element-71951b5 e-flex e-con-boxed e-con e-parent\" data-id=\"71951b5\" data-element_type=\"container\" data-e-type=\"container\">\n\t\t\t\t\t<div class=\"e-con-inner\">\n\t\t<div class=\"elementor-element elementor-element-360732d6 e-con-full e-flex e-con e-child\" data-id=\"360732d6\" data-element_type=\"container\" data-e-type=\"container\">\n\t\t\t\t<div class=\"elementor-element elementor-element-33bad704 elementor-widget elementor-widget-heading\" data-id=\"33bad704\" data-element_type=\"widget\" data-e-type=\"widget\" data-widget_type=\"heading.default\">\n\t\t\t\t<div class=\"elementor-widget-container\">\n\t\t\t\t\t<h2 class=\"elementor-heading-title elementor-size-default\">Misi\u00f3n<\/h2>\t\t\t\t<\/div>\n\t\t\t\t<\/div>\n\t\t\t\t<div class=\"elementor-element elementor-element-33f902d3 elementor-widget elementor-widget-text-editor\" data-id=\"33f902d3\" data-element_type=\"widget\" data-e-type=\"widget\" data-widget_type=\"text-editor.default\">\n\t\t\t\t<div class=\"elementor-widget-container\">\n\t\t\t\t\t\t\t\t\t<p>Impulsamos el crecimiento y la rentabilidad de nuestros clientes en la industria del deporte y el entretenimiento, ofreciendo soluciones estrat\u00e9gicas e innovadoras personalizadas que generan valor tangible y resultados sostenibles.<\/p>\t\t\t\t\t\t\t\t<\/div>\n\t\t\t\t<\/div>\n\t\t\t\t<\/div>\n\t\t<div class=\"elementor-element elementor-element-f1c9387 e-con-full e-flex e-con e-child\" data-id=\"f1c9387\" data-element_type=\"container\" data-e-type=\"container\">\n\t\t\t\t<div class=\"elementor-element elementor-element-bc6aee9 elementor-widget elementor-widget-heading\" data-id=\"bc6aee9\" data-element_type=\"widget\" data-e-type=\"widget\" data-widget_type=\"heading.default\">\n\t\t\t\t<div class=\"elementor-widget-container\">\n\t\t\t\t\t<h2 class=\"elementor-heading-title elementor-size-default\">Visi\u00f3n<\/h2>\t\t\t\t<\/div>\n\t\t\t\t<\/div>\n\t\t\t\t<div class=\"elementor-element elementor-element-79f84a6 elementor-widget elementor-widget-text-editor\" data-id=\"79f84a6\" data-element_type=\"widget\" data-e-type=\"widget\" data-widget_type=\"text-editor.default\">\n\t\t\t\t<div class=\"elementor-widget-container\">\n\t\t\t\t\t\t\t\t\t<p>I<span style=\"letter-spacing: 0px; word-spacing: 0em;\">mpulsar la evoluci\u00f3n del deporte y el entretenimiento, combinando estrategia, inversi\u00f3n y proyectos innovadores para generar impacto real, crecimiento sostenible y liderazgo en una industria din\u00e1mica y global.<\/span><\/p>\t\t\t\t\t\t\t\t<\/div>\n\t\t\t\t<\/div>\n\t\t\t\t<\/div>\n\t\t\t\t\t<\/div>\n\t\t\t\t<\/div>\n\t\t<div class=\"elementor-element elementor-element-cdc228d e-con-full e-flex elementor-invisible e-con e-parent\" data-id=\"cdc228d\" data-element_type=\"container\" data-e-type=\"container\" data-settings=\"{&quot;background_background&quot;:&quot;classic&quot;,&quot;animation&quot;:&quot;fadeIn&quot;}\">\n\t\t\t\t<div class=\"elementor-element elementor-element-4f364ca elementor-invisible elementor-widget elementor-widget-heading\" data-id=\"4f364ca\" data-element_type=\"widget\" data-e-type=\"widget\" data-settings=\"{&quot;_animation&quot;:&quot;fadeIn&quot;}\" data-widget_type=\"heading.default\">\n\t\t\t\t<div class=\"elementor-widget-container\">\n\t\t\t\t\t<h1 class=\"elementor-heading-title elementor-size-default\">9 A\u00f1os de experiencia creando proyectos en 3 continentes<\/h1>\t\t\t\t<\/div>\n\t\t\t\t<\/div>\n\t\t\t\t<\/div>\n\t\t<div class=\"elementor-element elementor-element-88473c6 e-con-full e-flex e-con e-parent\" data-id=\"88473c6\" data-element_type=\"container\" data-e-type=\"container\">\n\t\t<div class=\"elementor-element elementor-element-ea93dc1 e-con-full e-flex e-con e-child\" data-id=\"ea93dc1\" data-element_type=\"container\" data-e-type=\"container\">\n\t\t\t\t<div class=\"elementor-element elementor-element-4b9d585 elementor-widget__width-initial elementor-widget elementor-widget-heading\" data-id=\"4b9d585\" data-element_type=\"widget\" data-e-type=\"widget\" data-widget_type=\"heading.default\">\n\t\t\t\t<div class=\"elementor-widget-container\">\n\t\t\t\t\t<h1 class=\"elementor-heading-title elementor-size-default\">Eduardo Guzm\u00e1n<\/h1>\t\t\t\t<\/div>\n\t\t\t\t<\/div>\n\t\t\t\t<div class=\"elementor-element elementor-element-5e28c2e elementor-widget__width-initial elementor-widget elementor-widget-heading\" data-id=\"5e28c2e\" data-element_type=\"widget\" data-e-type=\"widget\" data-widget_type=\"heading.default\">\n\t\t\t\t<div class=\"elementor-widget-container\">\n\t\t\t\t\t<h1 class=\"elementor-heading-title elementor-size-default\">Fundador  y Director General<\/h1>\t\t\t\t<\/div>\n\t\t\t\t<\/div>\n\t\t\t\t<div class=\"elementor-element elementor-element-56b473e elementor-widget elementor-widget-text-editor\" data-id=\"56b473e\" data-element_type=\"widget\" data-e-type=\"widget\" data-widget_type=\"text-editor.default\">\n\t\t\t\t<div class=\"elementor-widget-container\">\n\t\t\t\t\t\t\t\t\t<p>Eduardo Guzm\u00e1n fund\u00f3 GuzVal Consulting en 2016 con el objetivo de brindar servicios y soluciones inteligentes para transformar el mundo a trav\u00e9s del deporte. Adem\u00e1s, cuenta con mas de 15 a\u00f1os experiencia en la industria deportiva en areas de desarrollo de nuevos negocios deportivos, estrategia y planificaci\u00f3n de grandes eventos deportivos, consultor\u00eda estrat\u00e9gica, gesti\u00f3n de estadios e infraestructuras.<\/p>\n<p><br><\/p>\n<p>En 2022 la empresa a\u00f1adi\u00f3 a sus servicios las \u00e1reas de fusiones y adquiciones de clubes de f\u00fatbol e inversiones deportivas, en la cual se tienen colaboraciones con expertos de la industria en diferentes partes del mundo.<\/p>\n<p><br><\/p>\n<p>Eduardo cuenta con un MBA en gesti\u00f3n deportiva y otros estudios en instituciones de renombre como la Universidad de St. Gallen en Suiza. A su vez, tras trabajar en las principales organizaciones del deporte como la FIFA, COI y UEFA decidi\u00f3 seguir su pasi\u00f3n por el negocio del deporte. Ha participado como ponente en diferentes universidades de diferentes pa\u00edses, ofreciendo charlas en temas de negocios y gesti\u00f3n deportiva. Eduardo es tambi\u00e9n Fundador y Director General de Stactium desde el a\u00f1o 2020.<\/p>\t\t\t\t\t\t\t\t<\/div>\n\t\t\t\t<\/div>\n\t\t\t\t<\/div>\n\t\t<div class=\"elementor-element elementor-element-06fc8a3 e-con-full e-flex e-con e-child\" data-id=\"06fc8a3\" data-element_type=\"container\" data-e-type=\"container\" data-settings=\"{&quot;background_background&quot;:&quot;classic&quot;}\">\n\t\t\t\t<\/div>\n\t\t\t\t<\/div>\n\t\t<div class=\"elementor-element elementor-element-6e9c7d21 e-con-full e-flex elementor-invisible e-con e-parent\" data-id=\"6e9c7d21\" data-element_type=\"container\" data-e-type=\"container\" data-settings=\"{&quot;background_background&quot;:&quot;classic&quot;,&quot;animation&quot;:&quot;fadeIn&quot;}\">\n\t\t\t\t<div class=\"elementor-element elementor-element-58359fd8 elementor-invisible elementor-widget elementor-widget-heading\" data-id=\"58359fd8\" data-element_type=\"widget\" data-e-type=\"widget\" data-settings=\"{&quot;_animation&quot;:&quot;fadeIn&quot;}\" data-widget_type=\"heading.default\">\n\t\t\t\t<div class=\"elementor-widget-container\">\n\t\t\t\t\t<h1 class=\"elementor-heading-title elementor-size-default\"><span style=\"font-weight: 500\">conoce NUESTROS SERVICIOS<\/span><\/h1>\t\t\t\t<\/div>\n\t\t\t\t<\/div>\n\t\t\t\t<div class=\"elementor-element elementor-element-12967be2 elementor-align-center animated-slow elementor-invisible elementor-widget elementor-widget-button\" data-id=\"12967be2\" data-element_type=\"widget\" data-e-type=\"widget\" data-settings=\"{&quot;_animation&quot;:&quot;zoomIn&quot;}\" data-widget_type=\"button.default\">\n\t\t\t\t<div class=\"elementor-widget-container\">\n\t\t\t\t\t\t\t\t\t<div class=\"elementor-button-wrapper\">\n\t\t\t\t\t<a class=\"elementor-button elementor-button-link elementor-size-sm\" href=\"https:\/\/guzvalconsulting.com\/servicios\/\">\n\t\t\t\t\t\t<span class=\"elementor-button-content-wrapper\">\n\t\t\t\t\t\t\t\t\t<span class=\"elementor-button-text\">ver m\u00e1s<\/span>\n\t\t\t\t\t<\/span>\n\t\t\t\t\t<\/a>\n\t\t\t\t<\/div>\n\t\t\t\t\t\t\t\t<\/div>\n\t\t\t\t<\/div>\n\t\t\t\t<\/div>\n\t\t\t\t<\/div>\n\t\t","protected":false},"excerpt":{"rendered":"<p>Qui\u00e9nes Somos \u201cHaz que cada detalle sea perfecto, y limita la cantidad de detalles para lograr la perfecci\u00f3n.\u201d Qui\u00e9nes Somos [&hellip;]<\/p>\n","protected":false},"author":1,"featured_media":0,"parent":0,"menu_order":0,"comment_status":"closed","ping_status":"closed","template":"","meta":{"site-sidebar-layout":"no-sidebar","site-content-layout":"","ast-site-content-layout":"full-width-container","site-content-style":"default","site-sidebar-style":"default","ast-global-header-display":"","ast-banner-title-visibility":"","ast-main-header-display":"","ast-hfb-above-header-display":"","ast-hfb-below-header-display":"","ast-hfb-mobile-header-display":"","site-post-title":"disabled","ast-breadcrumbs-content":"","ast-featured-img":"disabled","footer-sml-layout":"","ast-disable-related-posts":"","theme-transparent-header-meta":"","adv-header-id-meta":"","stick-header-meta":"","header-above-stick-meta":"","header-main-stick-meta":"","header-below-stick-meta":"","astra-migrate-meta-layouts":"default","ast-page-background-enabled":"default","ast-page-background-meta":{"desktop":{"background-color":"var(--ast-global-color-4)","background-image":"","background-repeat":"repeat","background-position":"center center","background-size":"auto","background-attachment":"scroll","background-type":"","background-media":"","overlay-type":"","overlay-color":"","overlay-opacity":"","overlay-gradient":""},"tablet":{"background-color":"","background-image":"","background-repeat":"repeat","background-position":"center center","background-size":"auto","background-attachment":"scroll","background-type":"","background-media":"","overlay-type":"","overlay-color":"","overlay-opacity":"","overlay-gradient":""},"mobile":{"background-color":"","background-image":"","background-repeat":"repeat","background-position":"center center","background-size":"auto","background-attachment":"scroll","background-type":"","background-media":"","overlay-type":"","overlay-color":"","overlay-opacity":"","overlay-gradient":""}},"ast-content-background-meta":{"desktop":{"background-color":"var(--ast-global-color-5)","background-image":"","background-repeat":"repeat","background-position":"center center","background-size":"auto","background-attachment":"scroll","background-type":"","background-media":"","overlay-type":"","overlay-color":"","overlay-opacity":"","overlay-gradient":""},"tablet":{"background-color":"var(--ast-global-color-5)","background-image":"","background-repeat":"repeat","background-position":"center center","background-size":"auto","background-attachment":"scroll","background-type":"","background-media":"","overlay-type":"","overlay-color":"","overlay-opacity":"","overlay-gradient":""},"mobile":{"background-color":"var(--ast-global-color-5)","background-image":"","background-repeat":"repeat","background-position":"center center","background-size":"auto","background-attachment":"scroll","background-type":"","background-media":"","overlay-type":"","overlay-color":"","overlay-opacity":"","overlay-gradient":""}},"footnotes":""},"class_list":["post-310","page","type-page","status-publish","hentry"],"_links":{"self":[{"href":"https:\/\/guzvalconsulting.com\/en\/wp-json\/wp\/v2\/pages\/310","targetHints":{"allow":["GET"]}}],"collection":[{"href":"https:\/\/guzvalconsulting.com\/en\/wp-json\/wp\/v2\/pages"}],"about":[{"href":"https:\/\/guzvalconsulting.com\/en\/wp-json\/wp\/v2\/types\/page"}],"author":[{"embeddable":true,"href":"https:\/\/guzvalconsulting.com\/en\/wp-json\/wp\/v2\/users\/1"}],"replies":[{"embeddable":true,"href":"https:\/\/guzvalconsulting.com\/en\/wp-json\/wp\/v2\/comments?post=310"}],"version-history":[{"count":92,"href":"https:\/\/guzvalconsulting.com\/en\/wp-json\/wp\/v2\/pages\/310\/revisions"}],"predecessor-version":[{"id":1113,"href":"https:\/\/guzvalconsulting.com\/en\/wp-json\/wp\/v2\/pages\/310\/revisions\/1113"}],"wp:attachment":[{"href":"https:\/\/guzvalconsulting.com\/en\/wp-json\/wp\/v2\/media?parent=310"}],"curies":[{"name":"wp","href":"https:\/\/api.w.org\/{rel}","templated":true}]}}